{"id":9747,"date":"2020-06-04T08:13:45","date_gmt":"2020-06-04T08:13:45","guid":{"rendered":"https:\/\/www.dreamdress.lt\/?post_type=product&#038;p=9747"},"modified":"2022-05-10T16:46:44","modified_gmt":"2022-05-10T16:46:44","slug":"suknele-svajune","status":"publish","type":"product","link":"https:\/\/www.dreamdress.lt\/index.php\/produktas\/suknele-svajune\/","title":{"rendered":"Suknel\u0117 &#8222;Svaj\u016bn\u0117&#8221;"},"content":{"rendered":"","protected":false},"excerpt":{"rendered":"<p>Spalva: bordo<\/p>\n<p>Sud\u0117tis: poliesteris 100%<\/p>\n<p>Ilgis: 127 cm<\/p>\n<p><strong>M dyd\u017eio i\u0161matavimai:<\/strong><\/p>\n<p>kr\u016btin\u0117 86-92 cm<\/p>\n<p>liemuo 68 cm<\/p>\n","protected":false},"featured_media":9753,"comment_status":"open","ping_status":"closed","template":"","meta":[],"product_brand":[],"product_cat":[17],"product_tag":[],"class_list":{"0":"post-9747","1":"product","2":"type-product","3":"status-publish","4":"has-post-thumbnail","6":"product_cat-sukneles","7":"product-layout-fix ushop-product","9":"first","10":"instock","11":"sale","12":"shipping-taxable","13":"purchasable","14":"product-type-variable","15":"has-default-attributes"},"_links":{"self":[{"href":"https:\/\/www.dreamdress.lt\/index.php\/wp-json\/wp\/v2\/product\/9747","targetHints":{"allow":["GET"]}}],"collection":[{"href":"https:\/\/www.dreamdress.lt\/index.php\/wp-json\/wp\/v2\/product"}],"about":[{"href":"https:\/\/www.dreamdress.lt\/index.php\/wp-json\/wp\/v2\/types\/product"}],"replies":[{"embeddable":true,"href":"https:\/\/www.dreamdress.lt\/index.php\/wp-json\/wp\/v2\/comments?post=9747"}],"wp:featuredmedia":[{"embeddable":true,"href":"https:\/\/www.dreamdress.lt\/index.php\/wp-json\/wp\/v2\/media\/9753"}],"wp:attachment":[{"href":"https:\/\/www.dreamdress.lt\/index.php\/wp-json\/wp\/v2\/media?parent=9747"}],"wp:term":[{"taxonomy":"product_brand","embeddable":true,"href":"https:\/\/www.dreamdress.lt\/index.php\/wp-json\/wp\/v2\/product_brand?post=9747"},{"taxonomy":"product_cat","embeddable":true,"href":"https:\/\/www.dreamdress.lt\/index.php\/wp-json\/wp\/v2\/product_cat?post=9747"},{"taxonomy":"product_tag","embeddable":true,"href":"https:\/\/www.dreamdress.lt\/index.php\/wp-json\/wp\/v2\/product_tag?post=9747"}],"curies":[{"name":"wp","href":"https:\/\/api.w.org\/{rel}","templated":true}]}}