{"id":684,"date":"2019-06-12T16:25:45","date_gmt":"2019-06-12T16:25:45","guid":{"rendered":"https:\/\/www.dreamdress.lt\/?post_type=product&#038;p=684"},"modified":"2022-04-17T15:21:02","modified_gmt":"2022-04-17T15:21:02","slug":"suknele-laima","status":"publish","type":"product","link":"https:\/\/www.dreamdress.lt\/index.php\/produktas\/suknele-laima\/","title":{"rendered":"Suknel\u0117 &#8222;Laima&#8221;"},"content":{"rendered":"","protected":false},"excerpt":{"rendered":"<p>Spalva: \u0161velniai ro\u017ein\u0117\/juoda<\/p>\n<p>Sud\u0117tis: poliesteris 60%, medviln\u0117 40%<\/p>\n<p>Ilgis: 94 cm<\/p>\n<p>Rankovi\u0173 ilgis: 36 cm<\/p>\n<p><strong>S dyd\u017eio i\u0161matavimai:<\/strong><\/p>\n<p>kr\u016btin\u0117 82-88 cm<\/p>\n<p>liemuo 66-68 cm<\/p>\n<p><strong>M dyd\u017eio i\u0161matavimai:<\/strong><\/p>\n<p>kr\u016btin\u0117 86-92 cm<\/p>\n<p>liemuo 70-71 cm<\/p>\n<p><strong>L dyd\u017eio i\u0161matavimai:<\/strong><\/p>\n<p>kr\u016btin\u0117 90-96 cm<\/p>\n<p>liemuo 74-75 cm<\/p>\n","protected":false},"featured_media":687,"comment_status":"open","ping_status":"closed","template":"","meta":[],"product_brand":[],"product_cat":[17],"product_tag":[],"class_list":{"0":"post-684","1":"product","2":"type-product","3":"status-publish","4":"has-post-thumbnail","6":"product_cat-sukneles","7":"product-layout-fix ushop-product","9":"first","10":"instock","11":"sale","12":"shipping-taxable","13":"purchasable","14":"product-type-variable","15":"has-default-attributes"},"_links":{"self":[{"href":"https:\/\/www.dreamdress.lt\/index.php\/wp-json\/wp\/v2\/product\/684","targetHints":{"allow":["GET"]}}],"collection":[{"href":"https:\/\/www.dreamdress.lt\/index.php\/wp-json\/wp\/v2\/product"}],"about":[{"href":"https:\/\/www.dreamdress.lt\/index.php\/wp-json\/wp\/v2\/types\/product"}],"replies":[{"embeddable":true,"href":"https:\/\/www.dreamdress.lt\/index.php\/wp-json\/wp\/v2\/comments?post=684"}],"wp:featuredmedia":[{"embeddable":true,"href":"https:\/\/www.dreamdress.lt\/index.php\/wp-json\/wp\/v2\/media\/687"}],"wp:attachment":[{"href":"https:\/\/www.dreamdress.lt\/index.php\/wp-json\/wp\/v2\/media?parent=684"}],"wp:term":[{"taxonomy":"product_brand","embeddable":true,"href":"https:\/\/www.dreamdress.lt\/index.php\/wp-json\/wp\/v2\/product_brand?post=684"},{"taxonomy":"product_cat","embeddable":true,"href":"https:\/\/www.dreamdress.lt\/index.php\/wp-json\/wp\/v2\/product_cat?post=684"},{"taxonomy":"product_tag","embeddable":true,"href":"https:\/\/www.dreamdress.lt\/index.php\/wp-json\/wp\/v2\/product_tag?post=684"}],"curies":[{"name":"wp","href":"https:\/\/api.w.org\/{rel}","templated":true}]}}