{"id":10591,"date":"2020-10-27T13:37:46","date_gmt":"2020-10-27T13:37:46","guid":{"rendered":"https:\/\/www.dreamdress.lt\/?post_type=product&#038;p=10591"},"modified":"2022-03-09T17:59:19","modified_gmt":"2022-03-09T17:59:19","slug":"suknele-andreja","status":"publish","type":"product","link":"https:\/\/www.dreamdress.lt\/index.php\/produktas\/suknele-andreja\/","title":{"rendered":"Suknel\u0117 &#8222;Andr\u0117ja&#8221;"},"content":{"rendered":"","protected":false},"excerpt":{"rendered":"<p>Spalva: violetin\u0117<\/p>\n<p>Ilgis: 85 cm<\/p>\n<p>Pridedamas aksominis dir\u017eelis<\/p>\n<p>Rekomendaciniai i\u0161matavimai dyd\u017eiui pasirinkti<\/p>\n<p><strong>XS dyd\u017eio i\u0161matavimai:<\/strong><\/p>\n<p>kr\u016btin\u0117 84 cm<\/p>\n<p>liemuo 63 cm<\/p>\n<p>klubai 92 cm<\/p>\n<p><strong>S dyd\u017eio i\u0161matavimai:<\/strong><\/p>\n<p>kr\u016btin\u0117 88 cm<\/p>\n<p>liemuo 67 cm<\/p>\n<p>klubai 96 cm<\/p>\n<p><strong>M dyd\u017eio i\u0161matavimai:<\/strong><\/p>\n<p>kr\u016btin\u0117 92 cm<\/p>\n<p>liemuo 71 cm<\/p>\n<p>klubai 100 cm<\/p>\n","protected":false},"featured_media":10600,"comment_status":"open","ping_status":"closed","template":"","meta":[],"product_brand":[],"product_cat":[17],"product_tag":[],"class_list":{"0":"post-10591","1":"product","2":"type-product","3":"status-publish","4":"has-post-thumbnail","6":"product_cat-sukneles","7":"product-layout-fix ushop-product","9":"first","10":"instock","11":"sale","12":"shipping-taxable","13":"purchasable","14":"product-type-variable","15":"has-default-attributes"},"_links":{"self":[{"href":"https:\/\/www.dreamdress.lt\/index.php\/wp-json\/wp\/v2\/product\/10591","targetHints":{"allow":["GET"]}}],"collection":[{"href":"https:\/\/www.dreamdress.lt\/index.php\/wp-json\/wp\/v2\/product"}],"about":[{"href":"https:\/\/www.dreamdress.lt\/index.php\/wp-json\/wp\/v2\/types\/product"}],"replies":[{"embeddable":true,"href":"https:\/\/www.dreamdress.lt\/index.php\/wp-json\/wp\/v2\/comments?post=10591"}],"wp:featuredmedia":[{"embeddable":true,"href":"https:\/\/www.dreamdress.lt\/index.php\/wp-json\/wp\/v2\/media\/10600"}],"wp:attachment":[{"href":"https:\/\/www.dreamdress.lt\/index.php\/wp-json\/wp\/v2\/media?parent=10591"}],"wp:term":[{"taxonomy":"product_brand","embeddable":true,"href":"https:\/\/www.dreamdress.lt\/index.php\/wp-json\/wp\/v2\/product_brand?post=10591"},{"taxonomy":"product_cat","embeddable":true,"href":"https:\/\/www.dreamdress.lt\/index.php\/wp-json\/wp\/v2\/product_cat?post=10591"},{"taxonomy":"product_tag","embeddable":true,"href":"https:\/\/www.dreamdress.lt\/index.php\/wp-json\/wp\/v2\/product_tag?post=10591"}],"curies":[{"name":"wp","href":"https:\/\/api.w.org\/{rel}","templated":true}]}}