{"id":65369,"date":"2021-04-20T08:33:56","date_gmt":"2021-04-20T08:33:56","guid":{"rendered":"https:\/\/www.dreamdress.lt\/?post_type=product&#038;p=65369"},"modified":"2021-04-20T08:33:57","modified_gmt":"2021-04-20T08:33:57","slug":"svarkelis-gabriele","status":"publish","type":"product","link":"https:\/\/www.dreamdress.lt\/en\/index.php\/produktas\/svarkelis-gabriele\/","title":{"rendered":"\u0160varkelis &#8220;Gabriel\u0117&#8221;"},"content":{"rendered":"","protected":false},"excerpt":{"rendered":"<p>Spalva: ro\u017ein\u0117\/balta\/violetin\u0117<\/p>\n<p>Ilgis: 65 cm<\/p>\n","protected":false},"featured_media":65375,"comment_status":"open","ping_status":"closed","template":"","meta":[],"product_brand":[],"product_cat":[17],"product_tag":[],"class_list":{"0":"post-65369","1":"product","2":"type-product","3":"status-publish","4":"has-post-thumbnail","6":"product_cat-sukneles","7":"product-layout-fix ushop-product","9":"first","10":"instock","11":"shipping-taxable","12":"purchasable","13":"product-type-variable","14":"has-default-attributes"},"_links":{"self":[{"href":"https:\/\/www.dreamdress.lt\/en\/index.php\/wp-json\/wp\/v2\/product\/65369","targetHints":{"allow":["GET"]}}],"collection":[{"href":"https:\/\/www.dreamdress.lt\/en\/index.php\/wp-json\/wp\/v2\/product"}],"about":[{"href":"https:\/\/www.dreamdress.lt\/en\/index.php\/wp-json\/wp\/v2\/types\/product"}],"replies":[{"embeddable":true,"href":"https:\/\/www.dreamdress.lt\/en\/index.php\/wp-json\/wp\/v2\/comments?post=65369"}],"wp:featuredmedia":[{"embeddable":true,"href":"https:\/\/www.dreamdress.lt\/en\/index.php\/wp-json\/wp\/v2\/media\/65375"}],"wp:attachment":[{"href":"https:\/\/www.dreamdress.lt\/en\/index.php\/wp-json\/wp\/v2\/media?parent=65369"}],"wp:term":[{"taxonomy":"product_brand","embeddable":true,"href":"https:\/\/www.dreamdress.lt\/en\/index.php\/wp-json\/wp\/v2\/product_brand?post=65369"},{"taxonomy":"product_cat","embeddable":true,"href":"https:\/\/www.dreamdress.lt\/en\/index.php\/wp-json\/wp\/v2\/product_cat?post=65369"},{"taxonomy":"product_tag","embeddable":true,"href":"https:\/\/www.dreamdress.lt\/en\/index.php\/wp-json\/wp\/v2\/product_tag?post=65369"}],"curies":[{"name":"wp","href":"https:\/\/api.w.org\/{rel}","templated":true}]}}