{"id":182404,"date":"2021-12-15T15:45:18","date_gmt":"2021-12-15T15:45:18","guid":{"rendered":"https:\/\/www.dreamdress.lt\/?post_type=product&#038;p=182404"},"modified":"2022-06-09T08:34:15","modified_gmt":"2022-06-09T08:34:15","slug":"suknele-bozena","status":"publish","type":"product","link":"https:\/\/www.dreamdress.lt\/en\/index.php\/produktas\/suknele-bozena\/","title":{"rendered":"Suknel\u0117 &#8220;Bo\u017eena&#8221;"},"content":{"rendered":"","protected":false},"excerpt":{"rendered":"<p>Spalva: smaragdin\u0117<\/p>\n<p><strong>XS dyd\u017eio i\u0161matavimai:<\/strong><\/p>\n<p>kr\u016btin\u0117 89-90 cm<\/p>\n<p>liemuo 58-62 cm<\/p>\n<p>klubai 86-90 cm<\/p>\n<p><strong>S dyd\u017eio i\u0161matavimai:<\/strong><\/p>\n<p>kr\u016btin\u0117 88-92 cm<\/p>\n<p>liemuo 62-66 cm<\/p>\n<p>klubai 90-94 cm<\/p>\n<p><strong>M dyd\u017eio i\u0161matavimai:<\/strong><\/p>\n<p>kr\u016btin\u0117 90-94 cm<\/p>\n<p>liemuo 66-70 cm<\/p>\n<p>klubai 94-98 cm<\/p>\n","protected":false},"featured_media":182405,"comment_status":"open","ping_status":"closed","template":"","meta":[],"product_brand":[],"product_cat":[17],"product_tag":[],"class_list":{"0":"post-182404","1":"product","2":"type-product","3":"status-publish","4":"has-post-thumbnail","6":"product_cat-sukneles","7":"product-layout-fix ushop-product","9":"first","10":"instock","11":"shipping-taxable","12":"purchasable","13":"product-type-variable","14":"has-default-attributes"},"_links":{"self":[{"href":"https:\/\/www.dreamdress.lt\/en\/index.php\/wp-json\/wp\/v2\/product\/182404","targetHints":{"allow":["GET"]}}],"collection":[{"href":"https:\/\/www.dreamdress.lt\/en\/index.php\/wp-json\/wp\/v2\/product"}],"about":[{"href":"https:\/\/www.dreamdress.lt\/en\/index.php\/wp-json\/wp\/v2\/types\/product"}],"replies":[{"embeddable":true,"href":"https:\/\/www.dreamdress.lt\/en\/index.php\/wp-json\/wp\/v2\/comments?post=182404"}],"wp:featuredmedia":[{"embeddable":true,"href":"https:\/\/www.dreamdress.lt\/en\/index.php\/wp-json\/wp\/v2\/media\/182405"}],"wp:attachment":[{"href":"https:\/\/www.dreamdress.lt\/en\/index.php\/wp-json\/wp\/v2\/media?parent=182404"}],"wp:term":[{"taxonomy":"product_brand","embeddable":true,"href":"https:\/\/www.dreamdress.lt\/en\/index.php\/wp-json\/wp\/v2\/product_brand?post=182404"},{"taxonomy":"product_cat","embeddable":true,"href":"https:\/\/www.dreamdress.lt\/en\/index.php\/wp-json\/wp\/v2\/product_cat?post=182404"},{"taxonomy":"product_tag","embeddable":true,"href":"https:\/\/www.dreamdress.lt\/en\/index.php\/wp-json\/wp\/v2\/product_tag?post=182404"}],"curies":[{"name":"wp","href":"https:\/\/api.w.org\/{rel}","templated":true}]}}