{"id":10914,"date":"2020-10-27T16:56:15","date_gmt":"2020-10-27T16:56:15","guid":{"rendered":"https:\/\/www.dreamdress.lt\/?post_type=product&#038;p=10914"},"modified":"2022-04-18T09:18:00","modified_gmt":"2022-04-18T09:18:00","slug":"kostiumelis-paulina","status":"publish","type":"product","link":"https:\/\/www.dreamdress.lt\/en\/index.php\/produktas\/kostiumelis-paulina\/","title":{"rendered":"Kostium\u0117lis &#8220;Paulina&#8221;"},"content":{"rendered":"","protected":false},"excerpt":{"rendered":"<p>Spalva: ro\u017ein\u0117<\/p>\n<p>Sud\u0117tis: medviln\u0117 70%, modalas 30%<\/p>\n<p>Sijono ilgis: 75 cm<\/p>\n<p>Palaidin\u0117s ilgis: 55 cm<\/p>\n<p><strong>UN dyd\u017eio i\u0161matavimai:<\/strong><\/p>\n<p>kr\u016btin\u0117 84-92 cm<\/p>\n<p>liemuo 60-71 cm<\/p>\n<p>klubai 90-100 cm<\/p>\n<p>&nbsp;<\/p>\n","protected":false},"featured_media":10916,"comment_status":"open","ping_status":"closed","template":"","meta":[],"product_brand":[],"product_cat":[17],"product_tag":[],"class_list":{"0":"post-10914","1":"product","2":"type-product","3":"status-publish","4":"has-post-thumbnail","6":"product_cat-sukneles","7":"product-layout-fix ushop-product","9":"first","10":"instock","11":"sale","12":"shipping-taxable","13":"purchasable","14":"product-type-variable","15":"has-default-attributes"},"_links":{"self":[{"href":"https:\/\/www.dreamdress.lt\/en\/index.php\/wp-json\/wp\/v2\/product\/10914","targetHints":{"allow":["GET"]}}],"collection":[{"href":"https:\/\/www.dreamdress.lt\/en\/index.php\/wp-json\/wp\/v2\/product"}],"about":[{"href":"https:\/\/www.dreamdress.lt\/en\/index.php\/wp-json\/wp\/v2\/types\/product"}],"replies":[{"embeddable":true,"href":"https:\/\/www.dreamdress.lt\/en\/index.php\/wp-json\/wp\/v2\/comments?post=10914"}],"wp:featuredmedia":[{"embeddable":true,"href":"https:\/\/www.dreamdress.lt\/en\/index.php\/wp-json\/wp\/v2\/media\/10916"}],"wp:attachment":[{"href":"https:\/\/www.dreamdress.lt\/en\/index.php\/wp-json\/wp\/v2\/media?parent=10914"}],"wp:term":[{"taxonomy":"product_brand","embeddable":true,"href":"https:\/\/www.dreamdress.lt\/en\/index.php\/wp-json\/wp\/v2\/product_brand?post=10914"},{"taxonomy":"product_cat","embeddable":true,"href":"https:\/\/www.dreamdress.lt\/en\/index.php\/wp-json\/wp\/v2\/product_cat?post=10914"},{"taxonomy":"product_tag","embeddable":true,"href":"https:\/\/www.dreamdress.lt\/en\/index.php\/wp-json\/wp\/v2\/product_tag?post=10914"}],"curies":[{"name":"wp","href":"https:\/\/api.w.org\/{rel}","templated":true}]}}